{"id":35,"date":"2021-07-24T15:17:04","date_gmt":"2021-07-24T12:17:04","guid":{"rendered":"http:\/\/spedemesopotamia.fi\/wordpress\/?page_id=35"},"modified":"2022-01-24T18:38:00","modified_gmt":"2022-01-24T16:38:00","slug":"etusivu","status":"publish","type":"page","link":"https:\/\/spedemesopotamia.fi\/wordpress\/","title":{"rendered":"Etusivu"},"content":{"rendered":"<div id=\"pl-35\"  class=\"panel-layout\" ><div id=\"pg-35-0\"  class=\"panel-grid panel-has-style\" ><div style=\"padding: 25px 0; \" data-overlay=\"true\" data-overlay-color=\"#282828\" class=\"panel-row-style panel-row-style-for-35-0\" ><div id=\"pgc-35-0-0\"  class=\"panel-grid-cell panel-grid-cell-empty\" ><\/div><div id=\"pgc-35-0-1\"  class=\"panel-grid-cell\" ><div id=\"panel-35-0-1-0\" class=\"so-panel widget widget_sow-image panel-first-child\" data-index=\"0\" ><div style=\"text-align: left;\" data-title-color=\"#443f3f\" data-headings-color=\"#443f3f\" class=\"panel-widget-style panel-widget-style-for-35-0-1-0\" ><div class=\"so-widget-sow-image so-widget-sow-image-default-4b231843ec72-35\">\n\n<div class=\"sow-image-container\">\n\t\t<img decoding=\"async\" src=\"https:\/\/spedemesopotamia.fi\/wordpress\/wp-content\/uploads\/2021\/07\/18.jpg\" width=\"300\" height=\"214\" srcset=\"https:\/\/spedemesopotamia.fi\/wordpress\/wp-content\/uploads\/2021\/07\/18.jpg 300w, https:\/\/spedemesopotamia.fi\/wordpress\/wp-content\/uploads\/2021\/07\/18-230x164.jpg 230w\" sizes=\"auto, (max-width: 300px) 100vw, 300px\" alt=\"\" loading=\"lazy\" \t\tclass=\"so-widget-image\"\/>\n\t<\/div>\n\n<\/div><\/div><\/div><div id=\"panel-35-0-1-1\" class=\"so-panel widget widget_sow-editor panel-last-child\" data-index=\"1\" ><div style=\"text-align: left;\" data-title-color=\"#443f3f\" data-headings-color=\"#443f3f\" class=\"panel-widget-style panel-widget-style-for-35-0-1-1\" ><div class=\"so-widget-sow-editor so-widget-sow-editor-base\">\n<div class=\"siteorigin-widget-tinymce textwidget\">\n\t<p>Suomi-viihteen suurmiehelle Pertti \u201dSpede\u201d Pasaselle (1930-2001) Mesopotamia oli luomispaikka, jossa syntyiv\u00e4t lukuisat tv-sketsit ja elokuvak\u00e4sikirjoitukset, tunnetuimpina niist\u00e4 Uuno Turhapurot.<\/p>\n<p>Muoniossa Pallas- ja Olostunturien syliss\u00e4 sijaitsevasta Mesopotamiasta on nyt Speden toiveiden mukaan luotu koko kansan el\u00e4v\u00e4 kohtaamispaikka, jossa voi viett\u00e4\u00e4 unohtumattomia hetki\u00e4 suomalaisen huumorin syntysijoilla.<\/p>\n<p>Mesopotamiasta l\u00f6yd\u00e4t kelohongasta rakennetun Piilopirtin, jossa on tupakeitti\u00f6, kolme makuuhuonetta, parvi ja wc suihkukaapilla sek\u00e4 kelohonkaisen rantasaunan, jossa on takallinen minikeitti\u00f6ll\u00e4 varustettu saunatupa, t\u00e4htitaivaalla ja revontulilla valaistu sauna, tilava pesu- ja suihkutila sek\u00e4 wc. Rantasaunan terassilla on kylpytynnyri. Terassilta johtavat portaat rannassa olevalle tulisijalla varustetulle laavulle sek\u00e4 laiturille, josta voi pulahtaa uimaan Torassieppij\u00e4rveen. Ranta-alueella on katettu terassi. Alue on huumorimieless\u00e4 hyvin valaistu.<\/p>\n<p>Mesopotamiaa vuokrataan yksityisille ja yrityksille Siell\u00e4 voi viett\u00e4\u00e4 rentouttavan loman tai \u00a0j\u00e4rjest\u00e4\u00e4 esimerkiksi kokouksia, h\u00e4it\u00e4, syntym\u00e4- ja virkistysp\u00e4ivi\u00e4. Tiloihin voidaan majoittaa n. 10 henkil\u00f6\u00e4 ja lis\u00e4majoitusta l\u00f6ytyy l\u00e4hialueelta.<\/p>\n<\/div>\n<\/div><\/div><\/div><\/div><div id=\"pgc-35-0-2\"  class=\"panel-grid-cell panel-grid-cell-mobile-last\" ><div id=\"panel-35-0-2-0\" class=\"so-panel widget widget_sow-image panel-first-child\" data-index=\"2\" ><div style=\"text-align: left;\" data-title-color=\"#443f3f\" data-headings-color=\"#443f3f\" class=\"panel-widget-style panel-widget-style-for-35-0-2-0\" ><div class=\"so-widget-sow-image so-widget-sow-image-default-4b231843ec72-35\">\n\n<div class=\"sow-image-container\">\n\t\t<img decoding=\"async\" src=\"https:\/\/spedemesopotamia.fi\/wordpress\/wp-content\/uploads\/2021\/07\/74.jpg\" width=\"2272\" height=\"1704\" srcset=\"https:\/\/spedemesopotamia.fi\/wordpress\/wp-content\/uploads\/2021\/07\/74.jpg 2272w, https:\/\/spedemesopotamia.fi\/wordpress\/wp-content\/uploads\/2021\/07\/74-300x225.jpg 300w, https:\/\/spedemesopotamia.fi\/wordpress\/wp-content\/uploads\/2021\/07\/74-1024x768.jpg 1024w, https:\/\/spedemesopotamia.fi\/wordpress\/wp-content\/uploads\/2021\/07\/74-768x576.jpg 768w, https:\/\/spedemesopotamia.fi\/wordpress\/wp-content\/uploads\/2021\/07\/74-1536x1152.jpg 1536w, https:\/\/spedemesopotamia.fi\/wordpress\/wp-content\/uploads\/2021\/07\/74-2048x1536.jpg 2048w, https:\/\/spedemesopotamia.fi\/wordpress\/wp-content\/uploads\/2021\/07\/74-830x623.jpg 830w, https:\/\/spedemesopotamia.fi\/wordpress\/wp-content\/uploads\/2021\/07\/74-230x173.jpg 230w, https:\/\/spedemesopotamia.fi\/wordpress\/wp-content\/uploads\/2021\/07\/74-350x263.jpg 350w, https:\/\/spedemesopotamia.fi\/wordpress\/wp-content\/uploads\/2021\/07\/74-480x360.jpg 480w\" sizes=\"auto, (max-width: 2272px) 100vw, 2272px\" title=\"Elokuvaportaat Uuno-elokuvat 1973-1998\" alt=\"\" loading=\"lazy\" \t\tclass=\"so-widget-image\"\/>\n\t<\/div>\n\n<\/div><\/div><\/div><div id=\"panel-35-0-2-1\" class=\"so-panel widget widget_sow-editor\" data-index=\"3\" ><div style=\"text-align: left;\" data-title-color=\"#443f3f\" data-headings-color=\"#443f3f\" class=\"panel-widget-style panel-widget-style-for-35-0-2-1\" ><div class=\"so-widget-sow-editor so-widget-sow-editor-base\">\n<div class=\"siteorigin-widget-tinymce textwidget\">\n\t<p>Elokuvaportaat Uuno-elokuvat 1973-1998<\/p>\n<\/div>\n<\/div><\/div><\/div><div id=\"panel-35-0-2-2\" class=\"so-panel widget widget_sow-image\" data-index=\"4\" ><div style=\"text-align: left;\" data-title-color=\"#443f3f\" data-headings-color=\"#443f3f\" class=\"panel-widget-style panel-widget-style-for-35-0-2-2\" ><div class=\"so-widget-sow-image so-widget-sow-image-default-4b231843ec72-35\">\n\n<div class=\"sow-image-container\">\n\t\t<img decoding=\"async\" src=\"https:\/\/spedemesopotamia.fi\/wordpress\/wp-content\/uploads\/2021\/07\/75.jpg\" width=\"640\" height=\"400\" srcset=\"https:\/\/spedemesopotamia.fi\/wordpress\/wp-content\/uploads\/2021\/07\/75.jpg 640w, https:\/\/spedemesopotamia.fi\/wordpress\/wp-content\/uploads\/2021\/07\/75-300x188.jpg 300w, https:\/\/spedemesopotamia.fi\/wordpress\/wp-content\/uploads\/2021\/07\/75-230x144.jpg 230w, https:\/\/spedemesopotamia.fi\/wordpress\/wp-content\/uploads\/2021\/07\/75-350x219.jpg 350w, https:\/\/spedemesopotamia.fi\/wordpress\/wp-content\/uploads\/2021\/07\/75-480x300.jpg 480w\" sizes=\"auto, (max-width: 640px) 100vw, 640px\" alt=\"\" loading=\"lazy\" \t\tclass=\"so-widget-image\"\/>\n\t<\/div>\n\n<\/div><\/div><\/div><div id=\"panel-35-0-2-3\" class=\"so-panel widget widget_sow-editor\" data-index=\"5\" ><div style=\"text-align: left;\" data-title-color=\"#443f3f\" data-headings-color=\"#443f3f\" class=\"panel-widget-style panel-widget-style-for-35-0-2-3\" ><div class=\"so-widget-sow-editor so-widget-sow-editor-base\">\n<div class=\"siteorigin-widget-tinymce textwidget\">\n\t<p>Pallaksentie 300, Muonio<\/p>\n<\/div>\n<\/div><\/div><\/div><div id=\"panel-35-0-2-4\" class=\"so-panel widget widget_sow-image\" data-index=\"6\" ><div style=\"text-align: left;\" data-title-color=\"#443f3f\" data-headings-color=\"#443f3f\" class=\"panel-widget-style panel-widget-style-for-35-0-2-4\" ><div class=\"so-widget-sow-image so-widget-sow-image-default-4b231843ec72-35\">\n\n<div class=\"sow-image-container\">\n\t\t<img decoding=\"async\" src=\"https:\/\/spedemesopotamia.fi\/wordpress\/wp-content\/uploads\/2021\/07\/22.jpg\" width=\"300\" height=\"275\" srcset=\"https:\/\/spedemesopotamia.fi\/wordpress\/wp-content\/uploads\/2021\/07\/22.jpg 300w, https:\/\/spedemesopotamia.fi\/wordpress\/wp-content\/uploads\/2021\/07\/22-230x211.jpg 230w\" sizes=\"auto, (max-width: 300px) 100vw, 300px\" alt=\"\" loading=\"lazy\" \t\tclass=\"so-widget-image\"\/>\n\t<\/div>\n\n<\/div><\/div><\/div><div id=\"panel-35-0-2-5\" class=\"so-panel widget widget_sow-editor\" data-index=\"7\" ><div style=\"text-align: left;\" data-title-color=\"#443f3f\" data-headings-color=\"#443f3f\" class=\"panel-widget-style panel-widget-style-for-35-0-2-5\" ><div class=\"so-widget-sow-editor so-widget-sow-editor-base\">\n<div class=\"siteorigin-widget-tinymce textwidget\">\n\t<p>Pertti Pasanen ja Vesa-Matti Loiri Pallaksella 1960-luvun lopulla<\/p>\n<\/div>\n<\/div><\/div><\/div><div id=\"panel-35-0-2-6\" class=\"so-panel widget widget_sow-image\" data-index=\"8\" ><div style=\"text-align: left;\" data-title-color=\"#443f3f\" data-headings-color=\"#443f3f\" class=\"panel-widget-style panel-widget-style-for-35-0-2-6\" ><div class=\"so-widget-sow-image so-widget-sow-image-default-4b231843ec72-35\">\n\n<div class=\"sow-image-container\">\n\t\t<img decoding=\"async\" src=\"https:\/\/spedemesopotamia.fi\/wordpress\/wp-content\/uploads\/2021\/07\/76.jpg\" width=\"300\" height=\"225\" srcset=\"https:\/\/spedemesopotamia.fi\/wordpress\/wp-content\/uploads\/2021\/07\/76.jpg 300w, https:\/\/spedemesopotamia.fi\/wordpress\/wp-content\/uploads\/2021\/07\/76-230x173.jpg 230w\" sizes=\"auto, (max-width: 300px) 100vw, 300px\" alt=\"\" loading=\"lazy\" \t\tclass=\"so-widget-image\"\/>\n\t<\/div>\n\n<\/div><\/div><\/div><div id=\"panel-35-0-2-7\" class=\"so-panel widget widget_sow-editor panel-last-child\" data-index=\"9\" ><div style=\"text-align: left;\" data-title-color=\"#443f3f\" data-headings-color=\"#443f3f\" class=\"panel-widget-style panel-widget-style-for-35-0-2-7\" ><div class=\"so-widget-sow-editor so-widget-sow-editor-base\">\n<div class=\"siteorigin-widget-tinymce textwidget\">\n\t<p>Mesopotamian \"Metusaalemi\" Ky\u00f6sti Rantamaa<\/p>\n<\/div>\n<\/div><\/div><\/div><\/div><div id=\"pgc-35-0-3\"  class=\"panel-grid-cell panel-grid-cell-empty\" ><\/div><\/div><\/div><\/div>","protected":false},"excerpt":{"rendered":"<p>Suomi-viihteen suurmiehelle Pertti \u201dSpede\u201d Pasaselle (1930-2001) Mesopotamia oli luomispaikka, jossa syntyiv\u00e4t lukuisat tv-sketsit ja elokuvak\u00e4sikirjoitukset, tunnetuimpina niist\u00e4 Uuno Turhapurot. Muoniossa Pallas- ja Olostunturien syliss\u00e4 sijaitsevasta Mesopotamiasta on nyt Speden toiveiden mukaan luotu koko kansan el\u00e4v\u00e4 kohtaamispaikka, jossa voi viett\u00e4\u00e4 unohtumattomia hetki\u00e4 suomalaisen huumorin syntysijoilla. Mesopotamiasta l\u00f6yd\u00e4t kelohongasta rakennetun Piilopirtin, jossa on tupakeitti\u00f6, kolme makuuhuonetta, parvi [&hellip;]<\/p>\n","protected":false},"author":1,"featured_media":0,"parent":0,"menu_order":0,"comment_status":"closed","ping_status":"closed","template":"page-templates\/page_front-page.php","meta":{"footnotes":""},"class_list":["post-35","page","type-page","status-publish","hentry"],"_links":{"self":[{"href":"https:\/\/spedemesopotamia.fi\/wordpress\/wp-json\/wp\/v2\/pages\/35","targetHints":{"allow":["GET"]}}],"collection":[{"href":"https:\/\/spedemesopotamia.fi\/wordpress\/wp-json\/wp\/v2\/pages"}],"about":[{"href":"https:\/\/spedemesopotamia.fi\/wordpress\/wp-json\/wp\/v2\/types\/page"}],"author":[{"embeddable":true,"href":"https:\/\/spedemesopotamia.fi\/wordpress\/wp-json\/wp\/v2\/users\/1"}],"replies":[{"embeddable":true,"href":"https:\/\/spedemesopotamia.fi\/wordpress\/wp-json\/wp\/v2\/comments?post=35"}],"version-history":[{"count":85,"href":"https:\/\/spedemesopotamia.fi\/wordpress\/wp-json\/wp\/v2\/pages\/35\/revisions"}],"predecessor-version":[{"id":324,"href":"https:\/\/spedemesopotamia.fi\/wordpress\/wp-json\/wp\/v2\/pages\/35\/revisions\/324"}],"wp:attachment":[{"href":"https:\/\/spedemesopotamia.fi\/wordpress\/wp-json\/wp\/v2\/media?parent=35"}],"curies":[{"name":"wp","href":"https:\/\/api.w.org\/{rel}","templated":true}]}}