{"id":302,"date":"2021-07-24T18:11:56","date_gmt":"2021-07-24T15:11:56","guid":{"rendered":"http:\/\/spedemesopotamia.fi\/wordpress\/?page_id=302"},"modified":"2021-07-24T18:11:56","modified_gmt":"2021-07-24T15:11:56","slug":"ymparoiva-luonto","status":"publish","type":"page","link":"https:\/\/spedemesopotamia.fi\/wordpress\/ymparoiva-luonto\/","title":{"rendered":"Ymp\u00e4r\u00f6iv\u00e4 luonto"},"content":{"rendered":"<div id=\"pl-302\"  class=\"panel-layout\" ><div id=\"pg-302-0\"  class=\"panel-grid panel-has-style\" ><div style=\"padding: 25px 0; \" data-overlay=\"true\" data-overlay-color=\"#282828\" class=\"panel-row-style panel-row-style-for-302-0\" ><div id=\"pgc-302-0-0\"  class=\"panel-grid-cell panel-grid-cell-empty\" ><\/div><div id=\"pgc-302-0-1\"  class=\"panel-grid-cell panel-grid-cell-mobile-last\" ><div id=\"panel-302-0-1-0\" class=\"so-panel widget widget_sow-image panel-first-child\" data-index=\"0\" ><div style=\"text-align: left;\" data-title-color=\"#443f3f\" data-headings-color=\"#443f3f\" class=\"panel-widget-style panel-widget-style-for-302-0-1-0\" ><div class=\"so-widget-sow-image so-widget-sow-image-default-4b231843ec72-302\">\n\n<div class=\"sow-image-container\">\n\t\t<img decoding=\"async\" src=\"https:\/\/spedemesopotamia.fi\/wordpress\/wp-content\/uploads\/2021\/07\/77.jpg\" width=\"800\" height=\"533\" srcset=\"https:\/\/spedemesopotamia.fi\/wordpress\/wp-content\/uploads\/2021\/07\/77.jpg 800w, https:\/\/spedemesopotamia.fi\/wordpress\/wp-content\/uploads\/2021\/07\/77-300x200.jpg 300w, https:\/\/spedemesopotamia.fi\/wordpress\/wp-content\/uploads\/2021\/07\/77-768x512.jpg 768w, https:\/\/spedemesopotamia.fi\/wordpress\/wp-content\/uploads\/2021\/07\/77-230x153.jpg 230w, https:\/\/spedemesopotamia.fi\/wordpress\/wp-content\/uploads\/2021\/07\/77-350x233.jpg 350w, https:\/\/spedemesopotamia.fi\/wordpress\/wp-content\/uploads\/2021\/07\/77-480x320.jpg 480w, https:\/\/spedemesopotamia.fi\/wordpress\/wp-content\/uploads\/2021\/07\/77-272x182.jpg 272w\" sizes=\"auto, (max-width: 800px) 100vw, 800px\" alt=\"\" loading=\"lazy\" \t\tclass=\"so-widget-image\"\/>\n\t<\/div>\n\n<\/div><\/div><\/div><div id=\"panel-302-0-1-1\" class=\"so-panel widget widget_sow-editor\" data-index=\"1\" ><div style=\"text-align: left;\" data-title-color=\"#443f3f\" data-headings-color=\"#443f3f\" class=\"panel-widget-style panel-widget-style-for-302-0-1-1\" ><div class=\"so-widget-sow-editor so-widget-sow-editor-base\">\n<div class=\"siteorigin-widget-tinymce textwidget\">\n\t<div>Revontulet<\/div>\n<\/div>\n<\/div><\/div><\/div><div id=\"panel-302-0-1-2\" class=\"so-panel widget widget_sow-image\" data-index=\"2\" ><div style=\"text-align: left;\" data-title-color=\"#443f3f\" data-headings-color=\"#443f3f\" class=\"panel-widget-style panel-widget-style-for-302-0-1-2\" ><div class=\"so-widget-sow-image so-widget-sow-image-default-4b231843ec72-302\">\n\n<div class=\"sow-image-container\">\n\t\t<img decoding=\"async\" src=\"https:\/\/spedemesopotamia.fi\/wordpress\/wp-content\/uploads\/2021\/07\/66-1.jpg\" width=\"1000\" height=\"667\" srcset=\"https:\/\/spedemesopotamia.fi\/wordpress\/wp-content\/uploads\/2021\/07\/66-1.jpg 1000w, https:\/\/spedemesopotamia.fi\/wordpress\/wp-content\/uploads\/2021\/07\/66-1-300x200.jpg 300w, https:\/\/spedemesopotamia.fi\/wordpress\/wp-content\/uploads\/2021\/07\/66-1-768x512.jpg 768w, https:\/\/spedemesopotamia.fi\/wordpress\/wp-content\/uploads\/2021\/07\/66-1-830x554.jpg 830w, https:\/\/spedemesopotamia.fi\/wordpress\/wp-content\/uploads\/2021\/07\/66-1-230x153.jpg 230w, https:\/\/spedemesopotamia.fi\/wordpress\/wp-content\/uploads\/2021\/07\/66-1-350x233.jpg 350w, https:\/\/spedemesopotamia.fi\/wordpress\/wp-content\/uploads\/2021\/07\/66-1-480x320.jpg 480w, https:\/\/spedemesopotamia.fi\/wordpress\/wp-content\/uploads\/2021\/07\/66-1-272x182.jpg 272w\" sizes=\"auto, (max-width: 1000px) 100vw, 1000px\" title=\"66\" alt=\"\" loading=\"lazy\" \t\tclass=\"so-widget-image\"\/>\n\t<\/div>\n\n<\/div><\/div><\/div><div id=\"panel-302-0-1-3\" class=\"so-panel widget widget_sow-editor\" data-index=\"3\" ><div style=\"text-align: left;\" data-title-color=\"#443f3f\" data-headings-color=\"#443f3f\" class=\"panel-widget-style panel-widget-style-for-302-0-1-3\" ><div class=\"so-widget-sow-editor so-widget-sow-editor-base\">\n<div class=\"siteorigin-widget-tinymce textwidget\">\n\t<p>Metso<\/p>\n<\/div>\n<\/div><\/div><\/div><div id=\"panel-302-0-1-4\" class=\"so-panel widget widget_sow-image\" data-index=\"4\" ><div style=\"text-align: left;\" data-title-color=\"#443f3f\" data-headings-color=\"#443f3f\" class=\"panel-widget-style panel-widget-style-for-302-0-1-4\" ><div class=\"so-widget-sow-image so-widget-sow-image-default-4b231843ec72-302\">\n\n<div class=\"sow-image-container\">\n\t\t<img decoding=\"async\" src=\"https:\/\/spedemesopotamia.fi\/wordpress\/wp-content\/uploads\/2021\/07\/70.jpg\" width=\"1000\" height=\"667\" srcset=\"https:\/\/spedemesopotamia.fi\/wordpress\/wp-content\/uploads\/2021\/07\/70.jpg 1000w, https:\/\/spedemesopotamia.fi\/wordpress\/wp-content\/uploads\/2021\/07\/70-300x200.jpg 300w, https:\/\/spedemesopotamia.fi\/wordpress\/wp-content\/uploads\/2021\/07\/70-768x512.jpg 768w, https:\/\/spedemesopotamia.fi\/wordpress\/wp-content\/uploads\/2021\/07\/70-830x554.jpg 830w, https:\/\/spedemesopotamia.fi\/wordpress\/wp-content\/uploads\/2021\/07\/70-230x153.jpg 230w, https:\/\/spedemesopotamia.fi\/wordpress\/wp-content\/uploads\/2021\/07\/70-350x233.jpg 350w, https:\/\/spedemesopotamia.fi\/wordpress\/wp-content\/uploads\/2021\/07\/70-480x320.jpg 480w, https:\/\/spedemesopotamia.fi\/wordpress\/wp-content\/uploads\/2021\/07\/70-272x182.jpg 272w\" sizes=\"auto, (max-width: 1000px) 100vw, 1000px\" title=\"DCIM345GOPRO\" alt=\"\" loading=\"lazy\" \t\tclass=\"so-widget-image\"\/>\n\t<\/div>\n\n<\/div><\/div><\/div><div id=\"panel-302-0-1-5\" class=\"so-panel widget widget_sow-editor\" data-index=\"5\" ><div style=\"text-align: left;\" data-title-color=\"#443f3f\" data-headings-color=\"#443f3f\" class=\"panel-widget-style panel-widget-style-for-302-0-1-5\" ><div class=\"so-widget-sow-editor so-widget-sow-editor-base\">\n<div class=\"siteorigin-widget-tinymce textwidget\">\n\t<p>Tunturipuro<\/p>\n<\/div>\n<\/div><\/div><\/div><div id=\"panel-302-0-1-6\" class=\"so-panel widget widget_sow-image\" data-index=\"6\" ><div style=\"text-align: left;\" data-title-color=\"#443f3f\" data-headings-color=\"#443f3f\" class=\"panel-widget-style panel-widget-style-for-302-0-1-6\" ><div class=\"so-widget-sow-image so-widget-sow-image-default-4b231843ec72-302\">\n\n<div class=\"sow-image-container\">\n\t\t<img decoding=\"async\" src=\"https:\/\/spedemesopotamia.fi\/wordpress\/wp-content\/uploads\/2021\/07\/72.jpg\" width=\"1000\" height=\"667\" srcset=\"https:\/\/spedemesopotamia.fi\/wordpress\/wp-content\/uploads\/2021\/07\/72.jpg 1000w, https:\/\/spedemesopotamia.fi\/wordpress\/wp-content\/uploads\/2021\/07\/72-300x200.jpg 300w, https:\/\/spedemesopotamia.fi\/wordpress\/wp-content\/uploads\/2021\/07\/72-768x512.jpg 768w, https:\/\/spedemesopotamia.fi\/wordpress\/wp-content\/uploads\/2021\/07\/72-830x554.jpg 830w, https:\/\/spedemesopotamia.fi\/wordpress\/wp-content\/uploads\/2021\/07\/72-230x153.jpg 230w, https:\/\/spedemesopotamia.fi\/wordpress\/wp-content\/uploads\/2021\/07\/72-350x233.jpg 350w, https:\/\/spedemesopotamia.fi\/wordpress\/wp-content\/uploads\/2021\/07\/72-480x320.jpg 480w, https:\/\/spedemesopotamia.fi\/wordpress\/wp-content\/uploads\/2021\/07\/72-272x182.jpg 272w\" sizes=\"auto, (max-width: 1000px) 100vw, 1000px\" alt=\"\" loading=\"lazy\" \t\tclass=\"so-widget-image\"\/>\n\t<\/div>\n\n<\/div><\/div><\/div><div id=\"panel-302-0-1-7\" class=\"so-panel widget widget_sow-editor\" data-index=\"7\" ><div style=\"text-align: left;\" data-title-color=\"#443f3f\" data-headings-color=\"#443f3f\" class=\"panel-widget-style panel-widget-style-for-302-0-1-7\" ><div class=\"so-widget-sow-editor so-widget-sow-editor-base\">\n<div class=\"siteorigin-widget-tinymce textwidget\">\n\t<p>Kiiruna Pallaskerolla<\/p>\n<\/div>\n<\/div><\/div><\/div><div id=\"panel-302-0-1-8\" class=\"so-panel widget widget_sow-image\" data-index=\"8\" ><div style=\"text-align: left;\" data-title-color=\"#443f3f\" data-headings-color=\"#443f3f\" class=\"panel-widget-style panel-widget-style-for-302-0-1-8\" ><div class=\"so-widget-sow-image so-widget-sow-image-default-4b231843ec72-302\">\n\n<div class=\"sow-image-container\">\n\t\t<img decoding=\"async\" src=\"https:\/\/spedemesopotamia.fi\/wordpress\/wp-content\/uploads\/2021\/07\/65.jpg\" width=\"1000\" height=\"667\" srcset=\"https:\/\/spedemesopotamia.fi\/wordpress\/wp-content\/uploads\/2021\/07\/65.jpg 1000w, https:\/\/spedemesopotamia.fi\/wordpress\/wp-content\/uploads\/2021\/07\/65-300x200.jpg 300w, https:\/\/spedemesopotamia.fi\/wordpress\/wp-content\/uploads\/2021\/07\/65-768x512.jpg 768w, https:\/\/spedemesopotamia.fi\/wordpress\/wp-content\/uploads\/2021\/07\/65-830x554.jpg 830w, https:\/\/spedemesopotamia.fi\/wordpress\/wp-content\/uploads\/2021\/07\/65-230x153.jpg 230w, https:\/\/spedemesopotamia.fi\/wordpress\/wp-content\/uploads\/2021\/07\/65-350x233.jpg 350w, https:\/\/spedemesopotamia.fi\/wordpress\/wp-content\/uploads\/2021\/07\/65-480x320.jpg 480w, https:\/\/spedemesopotamia.fi\/wordpress\/wp-content\/uploads\/2021\/07\/65-272x182.jpg 272w\" sizes=\"auto, (max-width: 1000px) 100vw, 1000px\" alt=\"\" loading=\"lazy\" \t\tclass=\"so-widget-image\"\/>\n\t<\/div>\n\n<\/div><\/div><\/div><div id=\"panel-302-0-1-9\" class=\"so-panel widget widget_sow-editor\" data-index=\"9\" ><div style=\"text-align: left;\" data-title-color=\"#443f3f\" data-headings-color=\"#443f3f\" class=\"panel-widget-style panel-widget-style-for-302-0-1-9\" ><div class=\"so-widget-sow-editor so-widget-sow-editor-base\">\n<div class=\"siteorigin-widget-tinymce textwidget\">\n\t<p>Mesopotamian Kuukkeli<\/p>\n<\/div>\n<\/div><\/div><\/div><div id=\"panel-302-0-1-10\" class=\"so-panel widget widget_sow-image\" data-index=\"10\" ><div style=\"text-align: left;\" data-title-color=\"#443f3f\" data-headings-color=\"#443f3f\" class=\"panel-widget-style panel-widget-style-for-302-0-1-10\" ><div class=\"so-widget-sow-image so-widget-sow-image-default-4b231843ec72-302\">\n\n<div class=\"sow-image-container\">\n\t\t<img decoding=\"async\" src=\"https:\/\/spedemesopotamia.fi\/wordpress\/wp-content\/uploads\/2021\/07\/67.jpg\" width=\"1000\" height=\"667\" srcset=\"https:\/\/spedemesopotamia.fi\/wordpress\/wp-content\/uploads\/2021\/07\/67.jpg 1000w, https:\/\/spedemesopotamia.fi\/wordpress\/wp-content\/uploads\/2021\/07\/67-300x200.jpg 300w, https:\/\/spedemesopotamia.fi\/wordpress\/wp-content\/uploads\/2021\/07\/67-768x512.jpg 768w, https:\/\/spedemesopotamia.fi\/wordpress\/wp-content\/uploads\/2021\/07\/67-830x554.jpg 830w, https:\/\/spedemesopotamia.fi\/wordpress\/wp-content\/uploads\/2021\/07\/67-230x153.jpg 230w, https:\/\/spedemesopotamia.fi\/wordpress\/wp-content\/uploads\/2021\/07\/67-350x233.jpg 350w, https:\/\/spedemesopotamia.fi\/wordpress\/wp-content\/uploads\/2021\/07\/67-480x320.jpg 480w, https:\/\/spedemesopotamia.fi\/wordpress\/wp-content\/uploads\/2021\/07\/67-272x182.jpg 272w\" sizes=\"auto, (max-width: 1000px) 100vw, 1000px\" alt=\"\" loading=\"lazy\" \t\tclass=\"so-widget-image\"\/>\n\t<\/div>\n\n<\/div><\/div><\/div><div id=\"panel-302-0-1-11\" class=\"so-panel widget widget_sow-editor\" data-index=\"11\" ><div style=\"text-align: left;\" data-title-color=\"#443f3f\" data-headings-color=\"#443f3f\" class=\"panel-widget-style panel-widget-style-for-302-0-1-11\" ><div class=\"so-widget-sow-editor so-widget-sow-editor-base\">\n<div class=\"siteorigin-widget-tinymce textwidget\">\n\t<p>Pulmunen<\/p>\n<\/div>\n<\/div><\/div><\/div><div id=\"panel-302-0-1-12\" class=\"so-panel widget widget_sow-image\" data-index=\"12\" ><div style=\"text-align: left;\" data-title-color=\"#443f3f\" data-headings-color=\"#443f3f\" class=\"panel-widget-style panel-widget-style-for-302-0-1-12\" ><div class=\"so-widget-sow-image so-widget-sow-image-default-4b231843ec72-302\">\n\n<div class=\"sow-image-container\">\n\t\t<img decoding=\"async\" src=\"https:\/\/spedemesopotamia.fi\/wordpress\/wp-content\/uploads\/2021\/07\/69.jpg\" width=\"1000\" height=\"667\" srcset=\"https:\/\/spedemesopotamia.fi\/wordpress\/wp-content\/uploads\/2021\/07\/69.jpg 1000w, https:\/\/spedemesopotamia.fi\/wordpress\/wp-content\/uploads\/2021\/07\/69-300x200.jpg 300w, https:\/\/spedemesopotamia.fi\/wordpress\/wp-content\/uploads\/2021\/07\/69-768x512.jpg 768w, https:\/\/spedemesopotamia.fi\/wordpress\/wp-content\/uploads\/2021\/07\/69-830x554.jpg 830w, https:\/\/spedemesopotamia.fi\/wordpress\/wp-content\/uploads\/2021\/07\/69-230x153.jpg 230w, https:\/\/spedemesopotamia.fi\/wordpress\/wp-content\/uploads\/2021\/07\/69-350x233.jpg 350w, https:\/\/spedemesopotamia.fi\/wordpress\/wp-content\/uploads\/2021\/07\/69-480x320.jpg 480w, https:\/\/spedemesopotamia.fi\/wordpress\/wp-content\/uploads\/2021\/07\/69-272x182.jpg 272w\" sizes=\"auto, (max-width: 1000px) 100vw, 1000px\" alt=\"\" loading=\"lazy\" \t\tclass=\"so-widget-image\"\/>\n\t<\/div>\n\n<\/div><\/div><\/div><div id=\"panel-302-0-1-13\" class=\"so-panel widget widget_sow-editor\" data-index=\"13\" ><div style=\"text-align: left;\" data-title-color=\"#443f3f\" data-headings-color=\"#443f3f\" class=\"panel-widget-style panel-widget-style-for-302-0-1-13\" ><div class=\"so-widget-sow-editor so-widget-sow-editor-base\">\n<div class=\"siteorigin-widget-tinymce textwidget\">\n\t<p>Siperian kuusi<\/p>\n<\/div>\n<\/div><\/div><\/div><div id=\"panel-302-0-1-14\" class=\"so-panel widget widget_sow-image\" data-index=\"14\" ><div style=\"text-align: left;\" data-title-color=\"#443f3f\" data-headings-color=\"#443f3f\" class=\"panel-widget-style panel-widget-style-for-302-0-1-14\" ><div class=\"so-widget-sow-image so-widget-sow-image-default-4b231843ec72-302\">\n\n<div class=\"sow-image-container\">\n\t\t<img decoding=\"async\" src=\"https:\/\/spedemesopotamia.fi\/wordpress\/wp-content\/uploads\/2021\/07\/73.jpg\" width=\"1000\" height=\"667\" srcset=\"https:\/\/spedemesopotamia.fi\/wordpress\/wp-content\/uploads\/2021\/07\/73.jpg 1000w, https:\/\/spedemesopotamia.fi\/wordpress\/wp-content\/uploads\/2021\/07\/73-300x200.jpg 300w, https:\/\/spedemesopotamia.fi\/wordpress\/wp-content\/uploads\/2021\/07\/73-768x512.jpg 768w, https:\/\/spedemesopotamia.fi\/wordpress\/wp-content\/uploads\/2021\/07\/73-830x554.jpg 830w, https:\/\/spedemesopotamia.fi\/wordpress\/wp-content\/uploads\/2021\/07\/73-230x153.jpg 230w, https:\/\/spedemesopotamia.fi\/wordpress\/wp-content\/uploads\/2021\/07\/73-350x233.jpg 350w, https:\/\/spedemesopotamia.fi\/wordpress\/wp-content\/uploads\/2021\/07\/73-480x320.jpg 480w, https:\/\/spedemesopotamia.fi\/wordpress\/wp-content\/uploads\/2021\/07\/73-272x182.jpg 272w\" sizes=\"auto, (max-width: 1000px) 100vw, 1000px\" alt=\"\" loading=\"lazy\" \t\tclass=\"so-widget-image\"\/>\n\t<\/div>\n\n<\/div><\/div><\/div><div id=\"panel-302-0-1-15\" class=\"so-panel widget widget_sow-editor\" data-index=\"15\" ><div style=\"text-align: left;\" data-title-color=\"#443f3f\" data-headings-color=\"#443f3f\" class=\"panel-widget-style panel-widget-style-for-302-0-1-15\" ><div class=\"so-widget-sow-editor so-widget-sow-editor-base\">\n<div class=\"siteorigin-widget-tinymce textwidget\">\n\t<p>Puro tunturilta<\/p>\n<\/div>\n<\/div><\/div><\/div><div id=\"panel-302-0-1-16\" class=\"so-panel widget widget_sow-image\" data-index=\"16\" ><div style=\"text-align: left;\" data-title-color=\"#443f3f\" data-headings-color=\"#443f3f\" class=\"panel-widget-style panel-widget-style-for-302-0-1-16\" ><div class=\"so-widget-sow-image so-widget-sow-image-default-4b231843ec72-302\">\n\n<div class=\"sow-image-container\">\n\t\t<img decoding=\"async\" src=\"https:\/\/spedemesopotamia.fi\/wordpress\/wp-content\/uploads\/2021\/07\/71.jpg\" width=\"1000\" height=\"667\" srcset=\"https:\/\/spedemesopotamia.fi\/wordpress\/wp-content\/uploads\/2021\/07\/71.jpg 1000w, https:\/\/spedemesopotamia.fi\/wordpress\/wp-content\/uploads\/2021\/07\/71-300x200.jpg 300w, https:\/\/spedemesopotamia.fi\/wordpress\/wp-content\/uploads\/2021\/07\/71-768x512.jpg 768w, https:\/\/spedemesopotamia.fi\/wordpress\/wp-content\/uploads\/2021\/07\/71-830x554.jpg 830w, https:\/\/spedemesopotamia.fi\/wordpress\/wp-content\/uploads\/2021\/07\/71-230x153.jpg 230w, https:\/\/spedemesopotamia.fi\/wordpress\/wp-content\/uploads\/2021\/07\/71-350x233.jpg 350w, https:\/\/spedemesopotamia.fi\/wordpress\/wp-content\/uploads\/2021\/07\/71-480x320.jpg 480w, https:\/\/spedemesopotamia.fi\/wordpress\/wp-content\/uploads\/2021\/07\/71-272x182.jpg 272w\" sizes=\"auto, (max-width: 1000px) 100vw, 1000px\" title=\"DCIM322GOPRO\" alt=\"\" loading=\"lazy\" \t\tclass=\"so-widget-image\"\/>\n\t<\/div>\n\n<\/div><\/div><\/div><div id=\"panel-302-0-1-17\" class=\"so-panel widget widget_sow-editor\" data-index=\"17\" ><div style=\"text-align: left;\" data-title-color=\"#443f3f\" data-headings-color=\"#443f3f\" class=\"panel-widget-style panel-widget-style-for-302-0-1-17\" ><div class=\"so-widget-sow-editor so-widget-sow-editor-base\">\n<div class=\"siteorigin-widget-tinymce textwidget\">\n\t<p>Uuvana Pallaskerolla<\/p>\n<\/div>\n<\/div><\/div><\/div><div id=\"panel-302-0-1-18\" class=\"so-panel widget widget_sow-image\" data-index=\"18\" ><div style=\"text-align: left;\" data-title-color=\"#443f3f\" data-headings-color=\"#443f3f\" class=\"panel-widget-style panel-widget-style-for-302-0-1-18\" ><div class=\"so-widget-sow-image so-widget-sow-image-default-4b231843ec72-302\">\n\n<div class=\"sow-image-container\">\n\t\t<img decoding=\"async\" src=\"https:\/\/spedemesopotamia.fi\/wordpress\/wp-content\/uploads\/2021\/07\/53.jpg\" width=\"1000\" height=\"399\" srcset=\"https:\/\/spedemesopotamia.fi\/wordpress\/wp-content\/uploads\/2021\/07\/53.jpg 1000w, https:\/\/spedemesopotamia.fi\/wordpress\/wp-content\/uploads\/2021\/07\/53-300x120.jpg 300w, https:\/\/spedemesopotamia.fi\/wordpress\/wp-content\/uploads\/2021\/07\/53-768x306.jpg 768w, https:\/\/spedemesopotamia.fi\/wordpress\/wp-content\/uploads\/2021\/07\/53-830x331.jpg 830w, https:\/\/spedemesopotamia.fi\/wordpress\/wp-content\/uploads\/2021\/07\/53-230x92.jpg 230w, https:\/\/spedemesopotamia.fi\/wordpress\/wp-content\/uploads\/2021\/07\/53-350x140.jpg 350w, https:\/\/spedemesopotamia.fi\/wordpress\/wp-content\/uploads\/2021\/07\/53-480x192.jpg 480w\" sizes=\"auto, (max-width: 1000px) 100vw, 1000px\" alt=\"\" loading=\"lazy\" \t\tclass=\"so-widget-image\"\/>\n\t<\/div>\n\n<\/div><\/div><\/div><div id=\"panel-302-0-1-19\" class=\"so-panel widget widget_sow-editor\" data-index=\"19\" ><div style=\"text-align: left;\" data-title-color=\"#443f3f\" data-headings-color=\"#443f3f\" class=\"panel-widget-style panel-widget-style-for-302-0-1-19\" ><div class=\"so-widget-sow-editor so-widget-sow-editor-base\">\n<div class=\"siteorigin-widget-tinymce textwidget\">\n\t<p>Torassieppij\u00e4rvi<\/p>\n<\/div>\n<\/div><\/div><\/div><div id=\"panel-302-0-1-20\" class=\"so-panel widget widget_sow-editor panel-last-child\" data-index=\"20\" ><div style=\"text-align: left;\" data-title-color=\"#443f3f\" data-headings-color=\"#443f3f\" class=\"panel-widget-style panel-widget-style-for-302-0-1-20\" ><div class=\"so-widget-sow-editor so-widget-sow-editor-base\">\n<div class=\"siteorigin-widget-tinymce textwidget\">\n\t<p>Valokuvat: Esko Rantanen<\/p>\n<\/div>\n<\/div><\/div><\/div><\/div><div id=\"pgc-302-0-2\"  class=\"panel-grid-cell panel-grid-cell-empty\" ><\/div><\/div><\/div><\/div>","protected":false},"excerpt":{"rendered":"<p>Revontulet Metso Tunturipuro Kiiruna Pallaskerolla Mesopotamian Kuukkeli Pulmunen Siperian kuusi Puro tunturilta Uuvana Pallaskerolla Torassieppij\u00e4rvi Valokuvat: Esko Rantanen<\/p>\n","protected":false},"author":1,"featured_media":0,"parent":0,"menu_order":0,"comment_status":"closed","ping_status":"closed","template":"page-templates\/page_front-page.php","meta":{"footnotes":""},"class_list":["post-302","page","type-page","status-publish","hentry"],"_links":{"self":[{"href":"https:\/\/spedemesopotamia.fi\/wordpress\/wp-json\/wp\/v2\/pages\/302","targetHints":{"allow":["GET"]}}],"collection":[{"href":"https:\/\/spedemesopotamia.fi\/wordpress\/wp-json\/wp\/v2\/pages"}],"about":[{"href":"https:\/\/spedemesopotamia.fi\/wordpress\/wp-json\/wp\/v2\/types\/page"}],"author":[{"embeddable":true,"href":"https:\/\/spedemesopotamia.fi\/wordpress\/wp-json\/wp\/v2\/users\/1"}],"replies":[{"embeddable":true,"href":"https:\/\/spedemesopotamia.fi\/wordpress\/wp-json\/wp\/v2\/comments?post=302"}],"version-history":[{"count":2,"href":"https:\/\/spedemesopotamia.fi\/wordpress\/wp-json\/wp\/v2\/pages\/302\/revisions"}],"predecessor-version":[{"id":315,"href":"https:\/\/spedemesopotamia.fi\/wordpress\/wp-json\/wp\/v2\/pages\/302\/revisions\/315"}],"wp:attachment":[{"href":"https:\/\/spedemesopotamia.fi\/wordpress\/wp-json\/wp\/v2\/media?parent=302"}],"curies":[{"name":"wp","href":"https:\/\/api.w.org\/{rel}","templated":true}]}}