{"id":283,"date":"2021-07-24T18:03:44","date_gmt":"2021-07-24T15:03:44","guid":{"rendered":"http:\/\/spedemesopotamia.fi\/wordpress\/?page_id=283"},"modified":"2021-07-24T18:04:06","modified_gmt":"2021-07-24T15:04:06","slug":"ulkokuvat","status":"publish","type":"page","link":"https:\/\/spedemesopotamia.fi\/wordpress\/ulkokuvat\/","title":{"rendered":"Ulkokuvat"},"content":{"rendered":"<div id=\"pl-283\"  class=\"panel-layout\" ><div id=\"pg-283-0\"  class=\"panel-grid panel-has-style\" ><div style=\"padding: 25px 0; \" data-overlay=\"true\" data-overlay-color=\"#282828\" class=\"panel-row-style panel-row-style-for-283-0\" ><div id=\"pgc-283-0-0\"  class=\"panel-grid-cell panel-grid-cell-empty\" ><\/div><div id=\"pgc-283-0-1\"  class=\"panel-grid-cell panel-grid-cell-mobile-last\" ><div id=\"panel-283-0-1-0\" class=\"so-panel widget widget_sow-image panel-first-child\" data-index=\"0\" ><div style=\"text-align: left;\" data-title-color=\"#443f3f\" data-headings-color=\"#443f3f\" class=\"panel-widget-style panel-widget-style-for-283-0-1-0\" ><div class=\"so-widget-sow-image so-widget-sow-image-default-4b231843ec72-283\">\n\n<div class=\"sow-image-container\">\n\t\t<img decoding=\"async\" src=\"https:\/\/spedemesopotamia.fi\/wordpress\/wp-content\/uploads\/2021\/07\/46-1.jpg\" width=\"1000\" height=\"404\" srcset=\"https:\/\/spedemesopotamia.fi\/wordpress\/wp-content\/uploads\/2021\/07\/46-1.jpg 1000w, https:\/\/spedemesopotamia.fi\/wordpress\/wp-content\/uploads\/2021\/07\/46-1-300x121.jpg 300w, https:\/\/spedemesopotamia.fi\/wordpress\/wp-content\/uploads\/2021\/07\/46-1-768x310.jpg 768w, https:\/\/spedemesopotamia.fi\/wordpress\/wp-content\/uploads\/2021\/07\/46-1-830x335.jpg 830w, https:\/\/spedemesopotamia.fi\/wordpress\/wp-content\/uploads\/2021\/07\/46-1-230x93.jpg 230w, https:\/\/spedemesopotamia.fi\/wordpress\/wp-content\/uploads\/2021\/07\/46-1-350x141.jpg 350w, https:\/\/spedemesopotamia.fi\/wordpress\/wp-content\/uploads\/2021\/07\/46-1-480x194.jpg 480w\" sizes=\"auto, (max-width: 1000px) 100vw, 1000px\" title=\"46\" alt=\"\" loading=\"lazy\" \t\tclass=\"so-widget-image\"\/>\n\t<\/div>\n\n<\/div><\/div><\/div><div id=\"panel-283-0-1-1\" class=\"so-panel widget widget_sow-editor\" data-index=\"1\" ><div style=\"text-align: left;\" data-title-color=\"#443f3f\" data-headings-color=\"#443f3f\" class=\"panel-widget-style panel-widget-style-for-283-0-1-1\" ><div class=\"so-widget-sow-editor so-widget-sow-editor-base\">\n<div class=\"siteorigin-widget-tinymce textwidget\">\n\t<p>Piilopirtti<\/p>\n<\/div>\n<\/div><\/div><\/div><div id=\"panel-283-0-1-2\" class=\"so-panel widget widget_sow-image\" data-index=\"2\" ><div style=\"text-align: left;\" data-title-color=\"#443f3f\" data-headings-color=\"#443f3f\" class=\"panel-widget-style panel-widget-style-for-283-0-1-2\" ><div class=\"so-widget-sow-image so-widget-sow-image-default-4b231843ec72-283\">\n\n<div class=\"sow-image-container\">\n\t\t<img decoding=\"async\" src=\"https:\/\/spedemesopotamia.fi\/wordpress\/wp-content\/uploads\/2021\/07\/61.jpg\" width=\"1000\" height=\"403\" srcset=\"https:\/\/spedemesopotamia.fi\/wordpress\/wp-content\/uploads\/2021\/07\/61.jpg 1000w, https:\/\/spedemesopotamia.fi\/wordpress\/wp-content\/uploads\/2021\/07\/61-300x121.jpg 300w, https:\/\/spedemesopotamia.fi\/wordpress\/wp-content\/uploads\/2021\/07\/61-768x310.jpg 768w, https:\/\/spedemesopotamia.fi\/wordpress\/wp-content\/uploads\/2021\/07\/61-830x334.jpg 830w, https:\/\/spedemesopotamia.fi\/wordpress\/wp-content\/uploads\/2021\/07\/61-230x93.jpg 230w, https:\/\/spedemesopotamia.fi\/wordpress\/wp-content\/uploads\/2021\/07\/61-350x141.jpg 350w, https:\/\/spedemesopotamia.fi\/wordpress\/wp-content\/uploads\/2021\/07\/61-480x193.jpg 480w\" sizes=\"auto, (max-width: 1000px) 100vw, 1000px\" alt=\"\" loading=\"lazy\" \t\tclass=\"so-widget-image\"\/>\n\t<\/div>\n\n<\/div><\/div><\/div><div id=\"panel-283-0-1-3\" class=\"so-panel widget widget_sow-editor\" data-index=\"3\" ><div style=\"text-align: left;\" data-title-color=\"#443f3f\" data-headings-color=\"#443f3f\" class=\"panel-widget-style panel-widget-style-for-283-0-1-3\" ><div class=\"so-widget-sow-editor so-widget-sow-editor-base\">\n<div class=\"siteorigin-widget-tinymce textwidget\">\n\t<p>Piilopirtti<\/p>\n<\/div>\n<\/div><\/div><\/div><div id=\"panel-283-0-1-4\" class=\"so-panel widget widget_sow-image\" data-index=\"4\" ><div style=\"text-align: left;\" data-title-color=\"#443f3f\" data-headings-color=\"#443f3f\" class=\"panel-widget-style panel-widget-style-for-283-0-1-4\" ><div class=\"so-widget-sow-image so-widget-sow-image-default-4b231843ec72-283\">\n\n<div class=\"sow-image-container\">\n\t\t<img decoding=\"async\" src=\"https:\/\/spedemesopotamia.fi\/wordpress\/wp-content\/uploads\/2021\/07\/79.jpg\" width=\"1598\" height=\"642\" srcset=\"https:\/\/spedemesopotamia.fi\/wordpress\/wp-content\/uploads\/2021\/07\/79.jpg 1598w, https:\/\/spedemesopotamia.fi\/wordpress\/wp-content\/uploads\/2021\/07\/79-300x121.jpg 300w, https:\/\/spedemesopotamia.fi\/wordpress\/wp-content\/uploads\/2021\/07\/79-1024x411.jpg 1024w, https:\/\/spedemesopotamia.fi\/wordpress\/wp-content\/uploads\/2021\/07\/79-768x309.jpg 768w, https:\/\/spedemesopotamia.fi\/wordpress\/wp-content\/uploads\/2021\/07\/79-1536x617.jpg 1536w, https:\/\/spedemesopotamia.fi\/wordpress\/wp-content\/uploads\/2021\/07\/79-830x333.jpg 830w, https:\/\/spedemesopotamia.fi\/wordpress\/wp-content\/uploads\/2021\/07\/79-230x92.jpg 230w, https:\/\/spedemesopotamia.fi\/wordpress\/wp-content\/uploads\/2021\/07\/79-350x141.jpg 350w, https:\/\/spedemesopotamia.fi\/wordpress\/wp-content\/uploads\/2021\/07\/79-480x193.jpg 480w\" sizes=\"auto, (max-width: 1598px) 100vw, 1598px\" alt=\"\" loading=\"lazy\" \t\tclass=\"so-widget-image\"\/>\n\t<\/div>\n\n<\/div><\/div><\/div><div id=\"panel-283-0-1-5\" class=\"so-panel widget widget_sow-editor\" data-index=\"5\" ><div style=\"text-align: left;\" data-title-color=\"#443f3f\" data-headings-color=\"#443f3f\" class=\"panel-widget-style panel-widget-style-for-283-0-1-5\" ><div class=\"so-widget-sow-editor so-widget-sow-editor-base\">\n<div class=\"siteorigin-widget-tinymce textwidget\">\n\t<p>Piilopirtti<\/p>\n<\/div>\n<\/div><\/div><\/div><div id=\"panel-283-0-1-6\" class=\"so-panel widget widget_sow-image\" data-index=\"6\" ><div style=\"text-align: left;\" data-title-color=\"#443f3f\" data-headings-color=\"#443f3f\" class=\"panel-widget-style panel-widget-style-for-283-0-1-6\" ><div class=\"so-widget-sow-image so-widget-sow-image-default-4b231843ec72-283\">\n\n<div class=\"sow-image-container\">\n\t\t<img decoding=\"async\" src=\"https:\/\/spedemesopotamia.fi\/wordpress\/wp-content\/uploads\/2021\/07\/62.jpg\" width=\"1000\" height=\"399\" srcset=\"https:\/\/spedemesopotamia.fi\/wordpress\/wp-content\/uploads\/2021\/07\/62.jpg 1000w, https:\/\/spedemesopotamia.fi\/wordpress\/wp-content\/uploads\/2021\/07\/62-300x120.jpg 300w, https:\/\/spedemesopotamia.fi\/wordpress\/wp-content\/uploads\/2021\/07\/62-768x306.jpg 768w, https:\/\/spedemesopotamia.fi\/wordpress\/wp-content\/uploads\/2021\/07\/62-830x331.jpg 830w, https:\/\/spedemesopotamia.fi\/wordpress\/wp-content\/uploads\/2021\/07\/62-230x92.jpg 230w, https:\/\/spedemesopotamia.fi\/wordpress\/wp-content\/uploads\/2021\/07\/62-350x140.jpg 350w, https:\/\/spedemesopotamia.fi\/wordpress\/wp-content\/uploads\/2021\/07\/62-480x192.jpg 480w\" sizes=\"auto, (max-width: 1000px) 100vw, 1000px\" alt=\"\" loading=\"lazy\" \t\tclass=\"so-widget-image\"\/>\n\t<\/div>\n\n<\/div><\/div><\/div><div id=\"panel-283-0-1-7\" class=\"so-panel widget widget_sow-editor\" data-index=\"7\" ><div style=\"text-align: left;\" data-title-color=\"#443f3f\" data-headings-color=\"#443f3f\" class=\"panel-widget-style panel-widget-style-for-283-0-1-7\" ><div class=\"so-widget-sow-editor so-widget-sow-editor-base\">\n<div class=\"siteorigin-widget-tinymce textwidget\">\n\t<p>Terassi piilopirtin ymp\u00e4rill\u00e4<\/p>\n<\/div>\n<\/div><\/div><\/div><div id=\"panel-283-0-1-8\" class=\"so-panel widget widget_sow-image\" data-index=\"8\" ><div style=\"text-align: left;\" data-title-color=\"#443f3f\" data-headings-color=\"#443f3f\" class=\"panel-widget-style panel-widget-style-for-283-0-1-8\" ><div class=\"so-widget-sow-image so-widget-sow-image-default-4b231843ec72-283\">\n\n<div class=\"sow-image-container\">\n\t\t<img decoding=\"async\" src=\"https:\/\/spedemesopotamia.fi\/wordpress\/wp-content\/uploads\/2021\/07\/57.jpg\" width=\"1000\" height=\"403\" srcset=\"https:\/\/spedemesopotamia.fi\/wordpress\/wp-content\/uploads\/2021\/07\/57.jpg 1000w, https:\/\/spedemesopotamia.fi\/wordpress\/wp-content\/uploads\/2021\/07\/57-300x121.jpg 300w, https:\/\/spedemesopotamia.fi\/wordpress\/wp-content\/uploads\/2021\/07\/57-768x310.jpg 768w, https:\/\/spedemesopotamia.fi\/wordpress\/wp-content\/uploads\/2021\/07\/57-830x334.jpg 830w, https:\/\/spedemesopotamia.fi\/wordpress\/wp-content\/uploads\/2021\/07\/57-230x93.jpg 230w, https:\/\/spedemesopotamia.fi\/wordpress\/wp-content\/uploads\/2021\/07\/57-350x141.jpg 350w, https:\/\/spedemesopotamia.fi\/wordpress\/wp-content\/uploads\/2021\/07\/57-480x193.jpg 480w\" sizes=\"auto, (max-width: 1000px) 100vw, 1000px\" alt=\"\" loading=\"lazy\" \t\tclass=\"so-widget-image\"\/>\n\t<\/div>\n\n<\/div><\/div><\/div><div id=\"panel-283-0-1-9\" class=\"so-panel widget widget_sow-editor\" data-index=\"9\" ><div style=\"text-align: left;\" data-title-color=\"#443f3f\" data-headings-color=\"#443f3f\" class=\"panel-widget-style panel-widget-style-for-283-0-1-9\" ><div class=\"so-widget-sow-editor so-widget-sow-editor-base\">\n<div class=\"siteorigin-widget-tinymce textwidget\">\n\t<p>N\u00e4kym\u00e4 piilopirtin terassilta<\/p>\n<\/div>\n<\/div><\/div><\/div><div id=\"panel-283-0-1-10\" class=\"so-panel widget widget_sow-image\" data-index=\"10\" ><div style=\"text-align: left;\" data-title-color=\"#443f3f\" data-headings-color=\"#443f3f\" class=\"panel-widget-style panel-widget-style-for-283-0-1-10\" ><div class=\"so-widget-sow-image so-widget-sow-image-default-4b231843ec72-283\">\n\n<div class=\"sow-image-container\">\n\t\t<img decoding=\"async\" src=\"https:\/\/spedemesopotamia.fi\/wordpress\/wp-content\/uploads\/2021\/07\/80.jpg\" width=\"1600\" height=\"642\" srcset=\"https:\/\/spedemesopotamia.fi\/wordpress\/wp-content\/uploads\/2021\/07\/80.jpg 1600w, https:\/\/spedemesopotamia.fi\/wordpress\/wp-content\/uploads\/2021\/07\/80-300x120.jpg 300w, https:\/\/spedemesopotamia.fi\/wordpress\/wp-content\/uploads\/2021\/07\/80-1024x411.jpg 1024w, https:\/\/spedemesopotamia.fi\/wordpress\/wp-content\/uploads\/2021\/07\/80-768x308.jpg 768w, https:\/\/spedemesopotamia.fi\/wordpress\/wp-content\/uploads\/2021\/07\/80-1536x616.jpg 1536w, https:\/\/spedemesopotamia.fi\/wordpress\/wp-content\/uploads\/2021\/07\/80-830x333.jpg 830w, https:\/\/spedemesopotamia.fi\/wordpress\/wp-content\/uploads\/2021\/07\/80-230x92.jpg 230w, https:\/\/spedemesopotamia.fi\/wordpress\/wp-content\/uploads\/2021\/07\/80-350x140.jpg 350w, https:\/\/spedemesopotamia.fi\/wordpress\/wp-content\/uploads\/2021\/07\/80-480x193.jpg 480w\" sizes=\"auto, (max-width: 1600px) 100vw, 1600px\" alt=\"\" loading=\"lazy\" \t\tclass=\"so-widget-image\"\/>\n\t<\/div>\n\n<\/div><\/div><\/div><div id=\"panel-283-0-1-11\" class=\"so-panel widget widget_sow-editor\" data-index=\"11\" ><div style=\"text-align: left;\" data-title-color=\"#443f3f\" data-headings-color=\"#443f3f\" class=\"panel-widget-style panel-widget-style-for-283-0-1-11\" ><div class=\"so-widget-sow-editor so-widget-sow-editor-base\">\n<div class=\"siteorigin-widget-tinymce textwidget\">\n\t<p>Terassi toisesta suunnasta<\/p>\n<\/div>\n<\/div><\/div><\/div><div id=\"panel-283-0-1-12\" class=\"so-panel widget widget_sow-image\" data-index=\"12\" ><div style=\"text-align: left;\" data-title-color=\"#443f3f\" data-headings-color=\"#443f3f\" class=\"panel-widget-style panel-widget-style-for-283-0-1-12\" ><div class=\"so-widget-sow-image so-widget-sow-image-default-4b231843ec72-283\">\n\n<div class=\"sow-image-container\">\n\t\t<img decoding=\"async\" src=\"https:\/\/spedemesopotamia.fi\/wordpress\/wp-content\/uploads\/2021\/07\/47.jpg\" width=\"1000\" height=\"401\" srcset=\"https:\/\/spedemesopotamia.fi\/wordpress\/wp-content\/uploads\/2021\/07\/47.jpg 1000w, https:\/\/spedemesopotamia.fi\/wordpress\/wp-content\/uploads\/2021\/07\/47-300x120.jpg 300w, https:\/\/spedemesopotamia.fi\/wordpress\/wp-content\/uploads\/2021\/07\/47-768x308.jpg 768w, https:\/\/spedemesopotamia.fi\/wordpress\/wp-content\/uploads\/2021\/07\/47-830x333.jpg 830w, https:\/\/spedemesopotamia.fi\/wordpress\/wp-content\/uploads\/2021\/07\/47-230x92.jpg 230w, https:\/\/spedemesopotamia.fi\/wordpress\/wp-content\/uploads\/2021\/07\/47-350x140.jpg 350w, https:\/\/spedemesopotamia.fi\/wordpress\/wp-content\/uploads\/2021\/07\/47-480x192.jpg 480w\" sizes=\"auto, (max-width: 1000px) 100vw, 1000px\" alt=\"\" loading=\"lazy\" \t\tclass=\"so-widget-image\"\/>\n\t<\/div>\n\n<\/div><\/div><\/div><div id=\"panel-283-0-1-13\" class=\"so-panel widget widget_sow-editor\" data-index=\"13\" ><div style=\"text-align: left;\" data-title-color=\"#443f3f\" data-headings-color=\"#443f3f\" class=\"panel-widget-style panel-widget-style-for-283-0-1-13\" ><div class=\"so-widget-sow-editor so-widget-sow-editor-base\">\n<div class=\"siteorigin-widget-tinymce textwidget\">\n\t<p>Auringonlasku<\/p>\n<\/div>\n<\/div><\/div><\/div><div id=\"panel-283-0-1-14\" class=\"so-panel widget widget_sow-image\" data-index=\"14\" ><div style=\"text-align: left;\" data-title-color=\"#443f3f\" data-headings-color=\"#443f3f\" class=\"panel-widget-style panel-widget-style-for-283-0-1-14\" ><div class=\"so-widget-sow-image so-widget-sow-image-default-4b231843ec72-283\">\n\n<div class=\"sow-image-container\">\n\t\t<img decoding=\"async\" src=\"https:\/\/spedemesopotamia.fi\/wordpress\/wp-content\/uploads\/2021\/07\/54.jpg\" width=\"1000\" height=\"403\" srcset=\"https:\/\/spedemesopotamia.fi\/wordpress\/wp-content\/uploads\/2021\/07\/54.jpg 1000w, https:\/\/spedemesopotamia.fi\/wordpress\/wp-content\/uploads\/2021\/07\/54-300x121.jpg 300w, https:\/\/spedemesopotamia.fi\/wordpress\/wp-content\/uploads\/2021\/07\/54-768x310.jpg 768w, https:\/\/spedemesopotamia.fi\/wordpress\/wp-content\/uploads\/2021\/07\/54-830x334.jpg 830w, https:\/\/spedemesopotamia.fi\/wordpress\/wp-content\/uploads\/2021\/07\/54-230x93.jpg 230w, https:\/\/spedemesopotamia.fi\/wordpress\/wp-content\/uploads\/2021\/07\/54-350x141.jpg 350w, https:\/\/spedemesopotamia.fi\/wordpress\/wp-content\/uploads\/2021\/07\/54-480x193.jpg 480w\" sizes=\"auto, (max-width: 1000px) 100vw, 1000px\" alt=\"\" loading=\"lazy\" \t\tclass=\"so-widget-image\"\/>\n\t<\/div>\n\n<\/div><\/div><\/div><div id=\"panel-283-0-1-15\" class=\"so-panel widget widget_sow-editor\" data-index=\"15\" ><div style=\"text-align: left;\" data-title-color=\"#443f3f\" data-headings-color=\"#443f3f\" class=\"panel-widget-style panel-widget-style-for-283-0-1-15\" ><div class=\"so-widget-sow-editor so-widget-sow-editor-base\">\n<div class=\"siteorigin-widget-tinymce textwidget\">\n\t<p>Katettu esiintymispaikka<\/p>\n<\/div>\n<\/div><\/div><\/div><div id=\"panel-283-0-1-16\" class=\"so-panel widget widget_sow-image\" data-index=\"16\" ><div style=\"text-align: left;\" data-title-color=\"#443f3f\" data-headings-color=\"#443f3f\" class=\"panel-widget-style panel-widget-style-for-283-0-1-16\" ><div class=\"so-widget-sow-image so-widget-sow-image-default-4b231843ec72-283\">\n\n<div class=\"sow-image-container\">\n\t\t<img decoding=\"async\" src=\"https:\/\/spedemesopotamia.fi\/wordpress\/wp-content\/uploads\/2021\/07\/63.jpg\" width=\"1000\" height=\"413\" srcset=\"https:\/\/spedemesopotamia.fi\/wordpress\/wp-content\/uploads\/2021\/07\/63.jpg 1000w, https:\/\/spedemesopotamia.fi\/wordpress\/wp-content\/uploads\/2021\/07\/63-300x124.jpg 300w, https:\/\/spedemesopotamia.fi\/wordpress\/wp-content\/uploads\/2021\/07\/63-768x317.jpg 768w, https:\/\/spedemesopotamia.fi\/wordpress\/wp-content\/uploads\/2021\/07\/63-830x343.jpg 830w, https:\/\/spedemesopotamia.fi\/wordpress\/wp-content\/uploads\/2021\/07\/63-230x95.jpg 230w, https:\/\/spedemesopotamia.fi\/wordpress\/wp-content\/uploads\/2021\/07\/63-350x145.jpg 350w, https:\/\/spedemesopotamia.fi\/wordpress\/wp-content\/uploads\/2021\/07\/63-480x198.jpg 480w\" sizes=\"auto, (max-width: 1000px) 100vw, 1000px\" alt=\"\" loading=\"lazy\" \t\tclass=\"so-widget-image\"\/>\n\t<\/div>\n\n<\/div><\/div><\/div><div id=\"panel-283-0-1-17\" class=\"so-panel widget widget_sow-editor\" data-index=\"17\" ><div style=\"text-align: left;\" data-title-color=\"#443f3f\" data-headings-color=\"#443f3f\" class=\"panel-widget-style panel-widget-style-for-283-0-1-17\" ><div class=\"so-widget-sow-editor so-widget-sow-editor-base\">\n<div class=\"siteorigin-widget-tinymce textwidget\">\n\t<p>N\u00e4kym\u00e4 alaterassilta<\/p>\n<\/div>\n<\/div><\/div><\/div><div id=\"panel-283-0-1-18\" class=\"so-panel widget widget_sow-image\" data-index=\"18\" ><div style=\"text-align: left;\" data-title-color=\"#443f3f\" data-headings-color=\"#443f3f\" class=\"panel-widget-style panel-widget-style-for-283-0-1-18\" ><div class=\"so-widget-sow-image so-widget-sow-image-default-4b231843ec72-283\">\n\n<div class=\"sow-image-container\">\n\t\t<img decoding=\"async\" src=\"https:\/\/spedemesopotamia.fi\/wordpress\/wp-content\/uploads\/2021\/07\/48.jpg\" width=\"1000\" height=\"403\" srcset=\"https:\/\/spedemesopotamia.fi\/wordpress\/wp-content\/uploads\/2021\/07\/48.jpg 1000w, https:\/\/spedemesopotamia.fi\/wordpress\/wp-content\/uploads\/2021\/07\/48-300x121.jpg 300w, https:\/\/spedemesopotamia.fi\/wordpress\/wp-content\/uploads\/2021\/07\/48-768x310.jpg 768w, https:\/\/spedemesopotamia.fi\/wordpress\/wp-content\/uploads\/2021\/07\/48-830x334.jpg 830w, https:\/\/spedemesopotamia.fi\/wordpress\/wp-content\/uploads\/2021\/07\/48-230x93.jpg 230w, https:\/\/spedemesopotamia.fi\/wordpress\/wp-content\/uploads\/2021\/07\/48-350x141.jpg 350w, https:\/\/spedemesopotamia.fi\/wordpress\/wp-content\/uploads\/2021\/07\/48-480x193.jpg 480w\" sizes=\"auto, (max-width: 1000px) 100vw, 1000px\" alt=\"\" loading=\"lazy\" \t\tclass=\"so-widget-image\"\/>\n\t<\/div>\n\n<\/div><\/div><\/div><div id=\"panel-283-0-1-19\" class=\"so-panel widget widget_sow-editor\" data-index=\"19\" ><div style=\"text-align: left;\" data-title-color=\"#443f3f\" data-headings-color=\"#443f3f\" class=\"panel-widget-style panel-widget-style-for-283-0-1-19\" ><div class=\"so-widget-sow-editor so-widget-sow-editor-base\">\n<div class=\"siteorigin-widget-tinymce textwidget\">\n\t<p>Taustalla Torassieppij\u00e4rvi<\/p>\n<\/div>\n<\/div><\/div><\/div><div id=\"panel-283-0-1-20\" class=\"so-panel widget widget_sow-image\" data-index=\"20\" ><div style=\"text-align: left;\" data-title-color=\"#443f3f\" data-headings-color=\"#443f3f\" class=\"panel-widget-style panel-widget-style-for-283-0-1-20\" ><div class=\"so-widget-sow-image so-widget-sow-image-default-4b231843ec72-283\">\n\n<div class=\"sow-image-container\">\n\t\t<img decoding=\"async\" src=\"https:\/\/spedemesopotamia.fi\/wordpress\/wp-content\/uploads\/2021\/07\/55.jpg\" width=\"1000\" height=\"404\" srcset=\"https:\/\/spedemesopotamia.fi\/wordpress\/wp-content\/uploads\/2021\/07\/55.jpg 1000w, https:\/\/spedemesopotamia.fi\/wordpress\/wp-content\/uploads\/2021\/07\/55-300x121.jpg 300w, https:\/\/spedemesopotamia.fi\/wordpress\/wp-content\/uploads\/2021\/07\/55-768x310.jpg 768w, https:\/\/spedemesopotamia.fi\/wordpress\/wp-content\/uploads\/2021\/07\/55-830x335.jpg 830w, https:\/\/spedemesopotamia.fi\/wordpress\/wp-content\/uploads\/2021\/07\/55-230x93.jpg 230w, https:\/\/spedemesopotamia.fi\/wordpress\/wp-content\/uploads\/2021\/07\/55-350x141.jpg 350w, https:\/\/spedemesopotamia.fi\/wordpress\/wp-content\/uploads\/2021\/07\/55-480x194.jpg 480w\" sizes=\"auto, (max-width: 1000px) 100vw, 1000px\" alt=\"\" loading=\"lazy\" \t\tclass=\"so-widget-image\"\/>\n\t<\/div>\n\n<\/div><\/div><\/div><div id=\"panel-283-0-1-21\" class=\"so-panel widget widget_sow-editor\" data-index=\"21\" ><div style=\"text-align: left;\" data-title-color=\"#443f3f\" data-headings-color=\"#443f3f\" class=\"panel-widget-style panel-widget-style-for-283-0-1-21\" ><div class=\"so-widget-sow-editor so-widget-sow-editor-base\">\n<div class=\"siteorigin-widget-tinymce textwidget\">\n\t<p>Kylpytynnyri<\/p>\n<\/div>\n<\/div><\/div><\/div><div id=\"panel-283-0-1-22\" class=\"so-panel widget widget_sow-image\" data-index=\"22\" ><div style=\"text-align: left;\" data-title-color=\"#443f3f\" data-headings-color=\"#443f3f\" class=\"panel-widget-style panel-widget-style-for-283-0-1-22\" ><div class=\"so-widget-sow-image so-widget-sow-image-default-4b231843ec72-283\">\n\n<div class=\"sow-image-container\">\n\t\t<img decoding=\"async\" src=\"https:\/\/spedemesopotamia.fi\/wordpress\/wp-content\/uploads\/2021\/07\/50.jpg\" width=\"1000\" height=\"401\" srcset=\"https:\/\/spedemesopotamia.fi\/wordpress\/wp-content\/uploads\/2021\/07\/50.jpg 1000w, https:\/\/spedemesopotamia.fi\/wordpress\/wp-content\/uploads\/2021\/07\/50-300x120.jpg 300w, https:\/\/spedemesopotamia.fi\/wordpress\/wp-content\/uploads\/2021\/07\/50-768x308.jpg 768w, https:\/\/spedemesopotamia.fi\/wordpress\/wp-content\/uploads\/2021\/07\/50-830x333.jpg 830w, https:\/\/spedemesopotamia.fi\/wordpress\/wp-content\/uploads\/2021\/07\/50-230x92.jpg 230w, https:\/\/spedemesopotamia.fi\/wordpress\/wp-content\/uploads\/2021\/07\/50-350x140.jpg 350w, https:\/\/spedemesopotamia.fi\/wordpress\/wp-content\/uploads\/2021\/07\/50-480x192.jpg 480w\" sizes=\"auto, (max-width: 1000px) 100vw, 1000px\" alt=\"\" loading=\"lazy\" \t\tclass=\"so-widget-image\"\/>\n\t<\/div>\n\n<\/div><\/div><\/div><div id=\"panel-283-0-1-23\" class=\"so-panel widget widget_sow-editor\" data-index=\"23\" ><div style=\"text-align: left;\" data-title-color=\"#443f3f\" data-headings-color=\"#443f3f\" class=\"panel-widget-style panel-widget-style-for-283-0-1-23\" ><div class=\"so-widget-sow-editor so-widget-sow-editor-base\">\n<div class=\"siteorigin-widget-tinymce textwidget\">\n\t<p>N\u00e4kym\u00e4 j\u00e4rvelt\u00e4 \"Speden Piilopirtist\u00e4\"<\/p>\n<\/div>\n<\/div><\/div><\/div><div id=\"panel-283-0-1-24\" class=\"so-panel widget widget_sow-image\" data-index=\"24\" ><div style=\"text-align: left;\" data-title-color=\"#443f3f\" data-headings-color=\"#443f3f\" class=\"panel-widget-style panel-widget-style-for-283-0-1-24\" ><div class=\"so-widget-sow-image so-widget-sow-image-default-4b231843ec72-283\">\n\n<div class=\"sow-image-container\">\n\t\t<img decoding=\"async\" src=\"https:\/\/spedemesopotamia.fi\/wordpress\/wp-content\/uploads\/2021\/07\/82.jpg\" width=\"1600\" height=\"652\" srcset=\"https:\/\/spedemesopotamia.fi\/wordpress\/wp-content\/uploads\/2021\/07\/82.jpg 1600w, https:\/\/spedemesopotamia.fi\/wordpress\/wp-content\/uploads\/2021\/07\/82-300x122.jpg 300w, https:\/\/spedemesopotamia.fi\/wordpress\/wp-content\/uploads\/2021\/07\/82-1024x417.jpg 1024w, https:\/\/spedemesopotamia.fi\/wordpress\/wp-content\/uploads\/2021\/07\/82-768x313.jpg 768w, https:\/\/spedemesopotamia.fi\/wordpress\/wp-content\/uploads\/2021\/07\/82-1536x626.jpg 1536w, https:\/\/spedemesopotamia.fi\/wordpress\/wp-content\/uploads\/2021\/07\/82-830x338.jpg 830w, https:\/\/spedemesopotamia.fi\/wordpress\/wp-content\/uploads\/2021\/07\/82-230x94.jpg 230w, https:\/\/spedemesopotamia.fi\/wordpress\/wp-content\/uploads\/2021\/07\/82-350x143.jpg 350w, https:\/\/spedemesopotamia.fi\/wordpress\/wp-content\/uploads\/2021\/07\/82-480x196.jpg 480w\" sizes=\"auto, (max-width: 1600px) 100vw, 1600px\" alt=\"\" loading=\"lazy\" \t\tclass=\"so-widget-image\"\/>\n\t<\/div>\n\n<\/div><\/div><\/div><div id=\"panel-283-0-1-25\" class=\"so-panel widget widget_sow-editor\" data-index=\"25\" ><div style=\"text-align: left;\" data-title-color=\"#443f3f\" data-headings-color=\"#443f3f\" class=\"panel-widget-style panel-widget-style-for-283-0-1-25\" ><div class=\"so-widget-sow-editor so-widget-sow-editor-base\">\n<div class=\"siteorigin-widget-tinymce textwidget\">\n\t<p>Kuvattuna rannalta<\/p>\n<\/div>\n<\/div><\/div><\/div><div id=\"panel-283-0-1-26\" class=\"so-panel widget widget_sow-editor panel-last-child\" data-index=\"26\" ><div style=\"text-align: left;\" data-title-color=\"#443f3f\" data-headings-color=\"#443f3f\" class=\"panel-widget-style panel-widget-style-for-283-0-1-26\" ><div class=\"so-widget-sow-editor so-widget-sow-editor-base\">\n<div class=\"siteorigin-widget-tinymce textwidget\">\n\t<p>Valokuvat: Esko Rantanen<\/p>\n<\/div>\n<\/div><\/div><\/div><\/div><div id=\"pgc-283-0-2\"  class=\"panel-grid-cell panel-grid-cell-empty\" ><\/div><\/div><\/div><\/div>","protected":false},"excerpt":{"rendered":"<p>Piilopirtti Piilopirtti Piilopirtti Terassi piilopirtin ymp\u00e4rill\u00e4 N\u00e4kym\u00e4 piilopirtin terassilta Terassi toisesta suunnasta Auringonlasku Katettu esiintymispaikka N\u00e4kym\u00e4 alaterassilta Taustalla Torassieppij\u00e4rvi Kylpytynnyri N\u00e4kym\u00e4 j\u00e4rvelt\u00e4 &#8221;Speden Piilopirtist\u00e4&#8221; Kuvattuna rannalta Valokuvat: Esko Rantanen<\/p>\n","protected":false},"author":1,"featured_media":0,"parent":0,"menu_order":0,"comment_status":"closed","ping_status":"closed","template":"page-templates\/page_front-page.php","meta":{"footnotes":""},"class_list":["post-283","page","type-page","status-publish","hentry"],"_links":{"self":[{"href":"https:\/\/spedemesopotamia.fi\/wordpress\/wp-json\/wp\/v2\/pages\/283","targetHints":{"allow":["GET"]}}],"collection":[{"href":"https:\/\/spedemesopotamia.fi\/wordpress\/wp-json\/wp\/v2\/pages"}],"about":[{"href":"https:\/\/spedemesopotamia.fi\/wordpress\/wp-json\/wp\/v2\/types\/page"}],"author":[{"embeddable":true,"href":"https:\/\/spedemesopotamia.fi\/wordpress\/wp-json\/wp\/v2\/users\/1"}],"replies":[{"embeddable":true,"href":"https:\/\/spedemesopotamia.fi\/wordpress\/wp-json\/wp\/v2\/comments?post=283"}],"version-history":[{"count":4,"href":"https:\/\/spedemesopotamia.fi\/wordpress\/wp-json\/wp\/v2\/pages\/283\/revisions"}],"predecessor-version":[{"id":301,"href":"https:\/\/spedemesopotamia.fi\/wordpress\/wp-json\/wp\/v2\/pages\/283\/revisions\/301"}],"wp:attachment":[{"href":"https:\/\/spedemesopotamia.fi\/wordpress\/wp-json\/wp\/v2\/media?parent=283"}],"curies":[{"name":"wp","href":"https:\/\/api.w.org\/{rel}","templated":true}]}}