{"id":224,"date":"2021-07-24T17:02:29","date_gmt":"2021-07-24T14:02:29","guid":{"rendered":"http:\/\/spedemesopotamia.fi\/wordpress\/?page_id=224"},"modified":"2021-07-24T17:10:21","modified_gmt":"2021-07-24T14:10:21","slug":"yhteystiedot-ja-sijainti","status":"publish","type":"page","link":"https:\/\/spedemesopotamia.fi\/wordpress\/yhteystiedot-ja-sijainti\/","title":{"rendered":"Yhteystiedot ja sijainti"},"content":{"rendered":"<div id=\"pl-224\"  class=\"panel-layout\" ><div id=\"pg-224-0\"  class=\"panel-grid panel-has-style\" ><div style=\"padding: 25px 0; \" data-overlay=\"true\" data-overlay-color=\"#282828\" class=\"panel-row-style panel-row-style-for-224-0\" ><div id=\"pgc-224-0-0\"  class=\"panel-grid-cell panel-grid-cell-empty\" ><\/div><div id=\"pgc-224-0-1\"  class=\"panel-grid-cell\" ><div id=\"panel-224-0-1-0\" class=\"so-panel widget widget_sow-editor panel-first-child panel-last-child\" data-index=\"0\" ><div style=\"text-align: left;\" data-title-color=\"#443f3f\" data-headings-color=\"#443f3f\" class=\"panel-widget-style panel-widget-style-for-224-0-1-0\" ><div class=\"so-widget-sow-editor so-widget-sow-editor-base\">\n<div class=\"siteorigin-widget-tinymce textwidget\">\n\t<p>Mesopotamia<br \/>\nPallaksentie 300, 99300 Muonio<\/p>\n<p>Ky\u00f6sti Rantamaa<br \/>\npuh.+358 451 122 395<br \/>\nk.rantamaa@gmail.com<\/p>\n<p>Kari Rantamaa<br \/>\npuh. +358 400 619 844<br \/>\nkari.rantamaa@tormets.fi<\/p>\n<\/div>\n<\/div><\/div><\/div><\/div><div id=\"pgc-224-0-2\"  class=\"panel-grid-cell panel-grid-cell-mobile-last\" ><div id=\"panel-224-0-2-0\" class=\"so-panel widget widget_sow-image panel-first-child panel-last-child\" data-index=\"1\" ><div style=\"text-align: left;\" data-title-color=\"#443f3f\" data-headings-color=\"#443f3f\" class=\"panel-widget-style panel-widget-style-for-224-0-2-0\" ><div class=\"so-widget-sow-image so-widget-sow-image-default-4b231843ec72-224\">\n\n<div class=\"sow-image-container\">\n\t\t<img decoding=\"async\" src=\"https:\/\/spedemesopotamia.fi\/wordpress\/wp-content\/uploads\/2021\/07\/17.jpg\" width=\"355\" height=\"275\" srcset=\"https:\/\/spedemesopotamia.fi\/wordpress\/wp-content\/uploads\/2021\/07\/17.jpg 355w, https:\/\/spedemesopotamia.fi\/wordpress\/wp-content\/uploads\/2021\/07\/17-300x232.jpg 300w, https:\/\/spedemesopotamia.fi\/wordpress\/wp-content\/uploads\/2021\/07\/17-230x178.jpg 230w, https:\/\/spedemesopotamia.fi\/wordpress\/wp-content\/uploads\/2021\/07\/17-350x271.jpg 350w\" sizes=\"auto, (max-width: 355px) 100vw, 355px\" alt=\"\" loading=\"lazy\" \t\tclass=\"so-widget-image\"\/>\n\t<\/div>\n\n<\/div><\/div><\/div><\/div><div id=\"pgc-224-0-3\"  class=\"panel-grid-cell panel-grid-cell-empty\" ><\/div><\/div><\/div><div id=\"pg-224-1\"  class=\"panel-grid panel-has-style\" ><div style=\"padding: 0px 0; \" data-overlay=\"true\" data-overlay-color=\"#282828\" class=\"panel-row-style panel-row-style-for-224-1\" ><div id=\"pgc-224-1-0\"  class=\"panel-grid-cell panel-grid-cell-empty\" ><\/div><div id=\"pgc-224-1-1\"  class=\"panel-grid-cell panel-grid-cell-mobile-last\" ><div id=\"panel-224-1-1-0\" class=\"so-panel widget widget_sow-editor panel-first-child panel-last-child\" data-index=\"2\" ><div style=\"text-align: left;\" data-title-color=\"#443f3f\" data-headings-color=\"#443f3f\" class=\"panel-widget-style panel-widget-style-for-224-1-1-0\" ><div class=\"so-widget-sow-editor so-widget-sow-editor-base\">\n<div class=\"siteorigin-widget-tinymce textwidget\">\n\t<p><strong>Et\u00e4isyyksi\u00e4:<\/strong><\/p>\n<p>Kauppa: Muonio, 14 km<br \/>\nHiihtoladuille: Pihapiirist\u00e4<br \/>\nMoottorikelkkareiteille: Pihapiirist\u00e4<br \/>\nLaskettelemaan: Olos 8 km, Pallas 19 km, Yll\u00e4s 42 km, Levi 48 km<br \/>\nBussipys\u00e4kki: 100 m<br \/>\nRavintola: 3 km<\/p>\n<\/div>\n<\/div><\/div><\/div><\/div><div id=\"pgc-224-1-2\"  class=\"panel-grid-cell panel-grid-cell-empty\" ><\/div><\/div><\/div><div id=\"pg-224-2\"  class=\"panel-grid panel-has-style\" ><div style=\"padding: 0px 0; \" data-overlay=\"true\" data-overlay-color=\"#282828\" class=\"panel-row-style panel-row-style-for-224-2\" ><div id=\"pgc-224-2-0\"  class=\"panel-grid-cell panel-grid-cell-empty\" ><\/div><div id=\"pgc-224-2-1\"  class=\"panel-grid-cell panel-grid-cell-mobile-last\" ><div id=\"panel-224-2-1-0\" class=\"so-panel widget widget_sow-editor panel-first-child panel-last-child\" data-index=\"3\" ><div style=\"text-align: left;\" data-title-color=\"#443f3f\" data-headings-color=\"#443f3f\" class=\"panel-widget-style panel-widget-style-for-224-2-1-0\" ><div class=\"so-widget-sow-editor so-widget-sow-editor-base\">\n<div class=\"siteorigin-widget-tinymce textwidget\">\n\t<p><iframe loading=\"lazy\" src=\"https:\/\/www.google.com\/maps\/embed?pb=!1m14!1m8!1m3!1d383709.01207684854!2d23.882136352568057!3d67.934142720388!3m2!1i1024!2i768!4f13.1!3m3!1m2!1s0x45d22d3500676b1f%3A0xaeecca371a833687!2sPallaksentie+300%2C+99300+Muonio!5e0!3m2!1sfi!2sfi!4v1424242032170\" width=\"800\" height=\"300\" frameborder=\"0\"><\/iframe><\/p>\n<\/div>\n<\/div><\/div><\/div><\/div><div id=\"pgc-224-2-2\"  class=\"panel-grid-cell panel-grid-cell-empty\" ><\/div><\/div><\/div><\/div>","protected":false},"excerpt":{"rendered":"<p>Mesopotamia Pallaksentie 300, 99300 Muonio Ky\u00f6sti Rantamaa puh.+358 451 122 395 k.rantamaa@gmail.com Kari Rantamaa puh. +358 400 619 844 kari.rantamaa@tormets.fi Et\u00e4isyyksi\u00e4: Kauppa: Muonio, 14 km Hiihtoladuille: Pihapiirist\u00e4 Moottorikelkkareiteille: Pihapiirist\u00e4 Laskettelemaan: Olos 8 km, Pallas 19 km, Yll\u00e4s 42 km, Levi 48 km Bussipys\u00e4kki: 100 m Ravintola: 3 km<\/p>\n","protected":false},"author":1,"featured_media":0,"parent":0,"menu_order":0,"comment_status":"closed","ping_status":"closed","template":"page-templates\/page_front-page.php","meta":{"footnotes":""},"class_list":["post-224","page","type-page","status-publish","hentry"],"_links":{"self":[{"href":"https:\/\/spedemesopotamia.fi\/wordpress\/wp-json\/wp\/v2\/pages\/224","targetHints":{"allow":["GET"]}}],"collection":[{"href":"https:\/\/spedemesopotamia.fi\/wordpress\/wp-json\/wp\/v2\/pages"}],"about":[{"href":"https:\/\/spedemesopotamia.fi\/wordpress\/wp-json\/wp\/v2\/types\/page"}],"author":[{"embeddable":true,"href":"https:\/\/spedemesopotamia.fi\/wordpress\/wp-json\/wp\/v2\/users\/1"}],"replies":[{"embeddable":true,"href":"https:\/\/spedemesopotamia.fi\/wordpress\/wp-json\/wp\/v2\/comments?post=224"}],"version-history":[{"count":10,"href":"https:\/\/spedemesopotamia.fi\/wordpress\/wp-json\/wp\/v2\/pages\/224\/revisions"}],"predecessor-version":[{"id":236,"href":"https:\/\/spedemesopotamia.fi\/wordpress\/wp-json\/wp\/v2\/pages\/224\/revisions\/236"}],"wp:attachment":[{"href":"https:\/\/spedemesopotamia.fi\/wordpress\/wp-json\/wp\/v2\/media?parent=224"}],"curies":[{"name":"wp","href":"https:\/\/api.w.org\/{rel}","templated":true}]}}