{"id":211,"date":"2021-07-24T16:58:04","date_gmt":"2021-07-24T13:58:04","guid":{"rendered":"http:\/\/spedemesopotamia.fi\/wordpress\/?page_id=211"},"modified":"2021-07-24T16:59:39","modified_gmt":"2021-07-24T13:59:39","slug":"etusivu-2","status":"publish","type":"page","link":"https:\/\/spedemesopotamia.fi\/wordpress\/etusivu-2\/","title":{"rendered":"Harrastusmahdollisuudet"},"content":{"rendered":"<div id=\"pl-211\"  class=\"panel-layout\" ><div id=\"pg-211-0\"  class=\"panel-grid panel-has-style\" ><div style=\"padding: 25px 0; \" data-overlay=\"true\" data-overlay-color=\"#282828\" class=\"panel-row-style panel-row-style-for-211-0\" ><div id=\"pgc-211-0-0\"  class=\"panel-grid-cell panel-grid-cell-empty\" ><\/div><div id=\"pgc-211-0-1\"  class=\"panel-grid-cell\" ><div id=\"panel-211-0-1-0\" class=\"so-panel widget widget_sow-editor panel-first-child panel-last-child\" data-index=\"0\" ><div style=\"text-align: left;\" data-title-color=\"#443f3f\" data-headings-color=\"#443f3f\" class=\"panel-widget-style panel-widget-style-for-211-0-1-0\" ><div class=\"so-widget-sow-editor so-widget-sow-editor-base\">\n<div class=\"siteorigin-widget-tinymce textwidget\">\n\t<p><strong>Talviharrastukset:<br \/>\n<\/strong>Hiihto, laskettelu, lumikenk\u00e4ily, pilkkiminen, moottorikelkkailu, mets\u00e4stys<\/p>\n<p><strong>Kes\u00e4harrastukset:<br \/>\n<\/strong>Veneily, melonta, kalastus, uinti, patikointi, marjastus, sienestys<\/p>\n<p><strong>Syksyll\u00e4:<br \/>\n<\/strong>Ruskaretket, mets\u00e4stys, kalastus, patikointi<\/p>\n<\/div>\n<\/div><\/div><\/div><\/div><div id=\"pgc-211-0-2\"  class=\"panel-grid-cell panel-grid-cell-mobile-last\" ><div id=\"panel-211-0-2-0\" class=\"so-panel widget widget_sow-image panel-first-child panel-last-child\" data-index=\"1\" ><div style=\"text-align: left;\" data-title-color=\"#443f3f\" data-headings-color=\"#443f3f\" class=\"panel-widget-style panel-widget-style-for-211-0-2-0\" ><div class=\"so-widget-sow-image so-widget-sow-image-default-4b231843ec72-211\">\n\n<div class=\"sow-image-container\">\n\t\t<img decoding=\"async\" src=\"https:\/\/spedemesopotamia.fi\/wordpress\/wp-content\/uploads\/2021\/07\/66.jpg\" width=\"1000\" height=\"667\" srcset=\"https:\/\/spedemesopotamia.fi\/wordpress\/wp-content\/uploads\/2021\/07\/66.jpg 1000w, https:\/\/spedemesopotamia.fi\/wordpress\/wp-content\/uploads\/2021\/07\/66-300x200.jpg 300w, https:\/\/spedemesopotamia.fi\/wordpress\/wp-content\/uploads\/2021\/07\/66-768x512.jpg 768w, https:\/\/spedemesopotamia.fi\/wordpress\/wp-content\/uploads\/2021\/07\/66-830x554.jpg 830w, https:\/\/spedemesopotamia.fi\/wordpress\/wp-content\/uploads\/2021\/07\/66-230x153.jpg 230w, https:\/\/spedemesopotamia.fi\/wordpress\/wp-content\/uploads\/2021\/07\/66-350x233.jpg 350w, https:\/\/spedemesopotamia.fi\/wordpress\/wp-content\/uploads\/2021\/07\/66-480x320.jpg 480w, https:\/\/spedemesopotamia.fi\/wordpress\/wp-content\/uploads\/2021\/07\/66-272x182.jpg 272w\" sizes=\"auto, (max-width: 1000px) 100vw, 1000px\" alt=\"\" loading=\"lazy\" \t\tclass=\"so-widget-image\"\/>\n\t<\/div>\n\n<\/div><\/div><\/div><\/div><div id=\"pgc-211-0-3\"  class=\"panel-grid-cell panel-grid-cell-empty\" ><\/div><\/div><\/div><\/div>","protected":false},"excerpt":{"rendered":"<p>Talviharrastukset: Hiihto, laskettelu, lumikenk\u00e4ily, pilkkiminen, moottorikelkkailu, mets\u00e4stys Kes\u00e4harrastukset: Veneily, melonta, kalastus, uinti, patikointi, marjastus, sienestys Syksyll\u00e4: Ruskaretket, mets\u00e4stys, kalastus, patikointi<\/p>\n","protected":false},"author":1,"featured_media":0,"parent":0,"menu_order":0,"comment_status":"closed","ping_status":"closed","template":"page-templates\/page_front-page.php","meta":{"footnotes":""},"class_list":["post-211","page","type-page","status-publish","hentry"],"_links":{"self":[{"href":"https:\/\/spedemesopotamia.fi\/wordpress\/wp-json\/wp\/v2\/pages\/211","targetHints":{"allow":["GET"]}}],"collection":[{"href":"https:\/\/spedemesopotamia.fi\/wordpress\/wp-json\/wp\/v2\/pages"}],"about":[{"href":"https:\/\/spedemesopotamia.fi\/wordpress\/wp-json\/wp\/v2\/types\/page"}],"author":[{"embeddable":true,"href":"https:\/\/spedemesopotamia.fi\/wordpress\/wp-json\/wp\/v2\/users\/1"}],"replies":[{"embeddable":true,"href":"https:\/\/spedemesopotamia.fi\/wordpress\/wp-json\/wp\/v2\/comments?post=211"}],"version-history":[{"count":8,"href":"https:\/\/spedemesopotamia.fi\/wordpress\/wp-json\/wp\/v2\/pages\/211\/revisions"}],"predecessor-version":[{"id":221,"href":"https:\/\/spedemesopotamia.fi\/wordpress\/wp-json\/wp\/v2\/pages\/211\/revisions\/221"}],"wp:attachment":[{"href":"https:\/\/spedemesopotamia.fi\/wordpress\/wp-json\/wp\/v2\/media?parent=211"}],"curies":[{"name":"wp","href":"https:\/\/api.w.org\/{rel}","templated":true}]}}