{"id":202,"date":"2021-07-24T16:51:46","date_gmt":"2021-07-24T13:51:46","guid":{"rendered":"http:\/\/spedemesopotamia.fi\/wordpress\/?page_id=202"},"modified":"2021-07-24T18:05:32","modified_gmt":"2021-07-24T15:05:32","slug":"varustus","status":"publish","type":"page","link":"https:\/\/spedemesopotamia.fi\/wordpress\/varustus\/","title":{"rendered":"Varustus"},"content":{"rendered":"<div id=\"pl-202\"  class=\"panel-layout\" ><div id=\"pg-202-0\"  class=\"panel-grid panel-has-style\" ><div style=\"padding: 25px 0; \" data-overlay=\"true\" data-overlay-color=\"#282828\" class=\"panel-row-style panel-row-style-for-202-0\" ><div id=\"pgc-202-0-0\"  class=\"panel-grid-cell panel-grid-cell-empty\" ><\/div><div id=\"pgc-202-0-1\"  class=\"panel-grid-cell panel-grid-cell-mobile-last\" ><div id=\"panel-202-0-1-0\" class=\"so-panel widget widget_sow-editor panel-first-child panel-last-child\" data-index=\"0\" ><div style=\"text-align: left;\" data-title-color=\"#443f3f\" data-headings-color=\"#443f3f\" class=\"panel-widget-style panel-widget-style-for-202-0-1-0\" ><div class=\"so-widget-sow-editor so-widget-sow-editor-base\">\n<div class=\"siteorigin-widget-tinymce textwidget\">\n\t<p><strong>Viihde:<br \/>\n<\/strong>TV, Radio, Karaoke, Internetyhteys, DVD-soitin, CD-soitin<\/p>\n<p><strong>Keitti\u00f6:<br \/>\n<\/strong>4-levynen keraaminen taso, Kiertoilmauuni grillivastuksilla, Astianpesukone, Mikroaaltouuni,<br \/>\nJ\u00e4\u00e4- pakastinkaappi, Kahvinkeitin, Vedenkeitin, Leiv\u00e4npaahdin, S\u00e4hk\u00f6vatkain, 15 hengen astiasto<\/p>\n<p><strong>Muu varustus:<br \/>\n<\/strong>Silitysrauta ja -lauta, P\u00f6lynimuri, Pyykinpesukone, Hiustenkuivaaja, Sy\u00f6tt\u00f6tuoli, Lasten matkas\u00e4nky,<br \/>\nAuton l\u00e4mp\u00f6paikka, Polttopuut, Soutuvene<\/p>\n<\/div>\n<\/div><\/div><\/div><\/div><div id=\"pgc-202-0-2\"  class=\"panel-grid-cell panel-grid-cell-empty\" ><\/div><\/div><\/div><\/div>","protected":false},"excerpt":{"rendered":"<p>Viihde: TV, Radio, Karaoke, Internetyhteys, DVD-soitin, CD-soitin Keitti\u00f6: 4-levynen keraaminen taso, Kiertoilmauuni grillivastuksilla, Astianpesukone, Mikroaaltouuni, J\u00e4\u00e4- pakastinkaappi, Kahvinkeitin, Vedenkeitin, Leiv\u00e4npaahdin, S\u00e4hk\u00f6vatkain, 15 hengen astiasto Muu varustus: Silitysrauta ja -lauta, P\u00f6lynimuri, Pyykinpesukone, Hiustenkuivaaja, Sy\u00f6tt\u00f6tuoli, Lasten matkas\u00e4nky, Auton l\u00e4mp\u00f6paikka, Polttopuut, Soutuvene<\/p>\n","protected":false},"author":1,"featured_media":0,"parent":0,"menu_order":2,"comment_status":"closed","ping_status":"closed","template":"page-templates\/page_front-page.php","meta":{"footnotes":""},"class_list":["post-202","page","type-page","status-publish","hentry"],"_links":{"self":[{"href":"https:\/\/spedemesopotamia.fi\/wordpress\/wp-json\/wp\/v2\/pages\/202","targetHints":{"allow":["GET"]}}],"collection":[{"href":"https:\/\/spedemesopotamia.fi\/wordpress\/wp-json\/wp\/v2\/pages"}],"about":[{"href":"https:\/\/spedemesopotamia.fi\/wordpress\/wp-json\/wp\/v2\/types\/page"}],"author":[{"embeddable":true,"href":"https:\/\/spedemesopotamia.fi\/wordpress\/wp-json\/wp\/v2\/users\/1"}],"replies":[{"embeddable":true,"href":"https:\/\/spedemesopotamia.fi\/wordpress\/wp-json\/wp\/v2\/comments?post=202"}],"version-history":[{"count":4,"href":"https:\/\/spedemesopotamia.fi\/wordpress\/wp-json\/wp\/v2\/pages\/202\/revisions"}],"predecessor-version":[{"id":223,"href":"https:\/\/spedemesopotamia.fi\/wordpress\/wp-json\/wp\/v2\/pages\/202\/revisions\/223"}],"wp:attachment":[{"href":"https:\/\/spedemesopotamia.fi\/wordpress\/wp-json\/wp\/v2\/media?parent=202"}],"curies":[{"name":"wp","href":"https:\/\/api.w.org\/{rel}","templated":true}]}}